{"id":834,"date":"2024-08-25T16:32:53","date_gmt":"2024-08-25T13:02:53","guid":{"rendered":"https:\/\/ek-pnlfi.com\/transport\/"},"modified":"2025-01-15T16:40:30","modified_gmt":"2025-01-15T13:10:30","slug":"transport","status":"publish","type":"page","link":"https:\/\/ek-pnlfi.com\/en\/transport\/","title":{"rendered":"Transport"},"content":{"rendered":"\t\t<div data-elementor-type=\"wp-page\" data-elementor-id=\"834\" class=\"elementor elementor-834\" data-elementor-post-type=\"page\">\n\t\t\t\t\t\t<section class=\"elementor-section elementor-top-section elementor-element elementor-element-1ed7af6 elementor-section-full_width elementor-section-height-default elementor-section-height-default\" data-id=\"1ed7af6\" data-element_type=\"section\">\n\t\t\t\t\t\t<div class=\"elementor-container elementor-column-gap-default\">\n\t\t\t\t\t<div class=\"elementor-column elementor-col-33 elementor-top-column elementor-element elementor-element-c55738d\" data-id=\"c55738d\" data-element_type=\"column\">\n\t\t\t<div class=\"elementor-widget-wrap elementor-element-populated\">\n\t\t\t\t\t\t<div class=\"elementor-element elementor-element-68b5638 elementor-widget elementor-widget-heading\" data-id=\"68b5638\" data-element_type=\"widget\" data-widget_type=\"heading.default\">\n\t\t\t\t<div class=\"elementor-widget-container\">\n\t\t\t\t\t<h4 class=\"elementor-heading-title elementor-size-default\">Rekister\u00f6idy kommentti<\/h4>\t\t\t\t<\/div>\n\t\t\t\t<\/div>\n\t\t\t\t<div class=\"elementor-element elementor-element-19d9e13 elementor-button-align-stretch elementor-widget elementor-widget-form\" data-id=\"19d9e13\" data-element_type=\"widget\" data-settings=\"{&quot;step_next_label&quot;:&quot;Next&quot;,&quot;step_previous_label&quot;:&quot;Previous&quot;,&quot;button_width&quot;:&quot;100&quot;,&quot;step_type&quot;:&quot;number_text&quot;,&quot;step_icon_shape&quot;:&quot;circle&quot;}\" data-widget_type=\"form.default\">\n\t\t\t\t<div class=\"elementor-widget-container\">\n\t\t\t\t\t\t\t<form class=\"elementor-form\" method=\"post\" name=\"New Form\">\n\t\t\t<input type=\"hidden\" name=\"post_id\" value=\"834\"\/>\n\t\t\t<input type=\"hidden\" name=\"form_id\" value=\"19d9e13\"\/>\n\t\t\t<input type=\"hidden\" name=\"referer_title\" value=\"\" \/>\n\n\t\t\t\n\t\t\t<div class=\"elementor-form-fields-wrapper elementor-labels-above\">\n\t\t\t\t\t\t\t\t<div class=\"elementor-field-type-text elementor-field-group elementor-column elementor-field-group-name elementor-col-100\">\n\t\t\t\t\t\t\t\t\t\t\t\t<label for=\"form-field-name\" class=\"elementor-field-label\">\n\t\t\t\t\t\t\t\tName\t\t\t\t\t\t\t<\/label>\n\t\t\t\t\t\t\t\t\t\t\t\t\t\t<input size=\"1\" type=\"text\" name=\"form_fields[name]\" id=\"form-field-name\" class=\"elementor-field elementor-size-sm  elementor-field-textual\" placeholder=\"Name\">\n\t\t\t\t\t\t\t\t\t\t\t<\/div>\n\t\t\t\t\t\t\t\t<div class=\"elementor-field-type-email elementor-field-group elementor-column elementor-field-group-email elementor-col-100 elementor-field-required\">\n\t\t\t\t\t\t\t\t\t\t\t\t<label for=\"form-field-email\" class=\"elementor-field-label\">\n\t\t\t\t\t\t\t\tEmail\t\t\t\t\t\t\t<\/label>\n\t\t\t\t\t\t\t\t\t\t\t\t\t\t<input size=\"1\" type=\"email\" name=\"form_fields[email]\" id=\"form-field-email\" class=\"elementor-field elementor-size-sm  elementor-field-textual\" placeholder=\"Email\" required=\"required\">\n\t\t\t\t\t\t\t\t\t\t\t<\/div>\n\t\t\t\t\t\t\t\t<div class=\"elementor-field-type-textarea elementor-field-group elementor-column elementor-field-group-message elementor-col-100\">\n\t\t\t\t\t\t\t\t\t\t\t\t<label for=\"form-field-message\" class=\"elementor-field-label\">\n\t\t\t\t\t\t\t\tMessage\t\t\t\t\t\t\t<\/label>\n\t\t\t\t\t\t<textarea class=\"elementor-field-textual elementor-field  elementor-size-sm\" name=\"form_fields[message]\" id=\"form-field-message\" rows=\"4\" placeholder=\"Message\"><\/textarea>\t\t\t\t<\/div>\n\t\t\t\t\t\t\t\t<div class=\"elementor-field-group elementor-column elementor-field-type-submit elementor-col-100 e-form__buttons\">\n\t\t\t\t\t<button class=\"elementor-button elementor-size-sm\" type=\"submit\">\n\t\t\t\t\t\t<span class=\"elementor-button-content-wrapper\">\n\t\t\t\t\t\t\t\t\t\t\t\t\t\t\t\t\t\t\t\t\t\t<span class=\"elementor-button-text\">Send<\/span>\n\t\t\t\t\t\t\t\t\t\t\t\t\t<\/span>\n\t\t\t\t\t<\/button>\n\t\t\t\t<\/div>\n\t\t\t<\/div>\n\t\t<\/form>\n\t\t\t\t\t\t<\/div>\n\t\t\t\t<\/div>\n\t\t\t\t\t<\/div>\n\t\t<\/div>\n\t\t\t\t<div class=\"elementor-column elementor-col-33 elementor-top-column elementor-element elementor-element-1b02d0c\" data-id=\"1b02d0c\" data-element_type=\"column\">\n\t\t\t<div class=\"elementor-widget-wrap elementor-element-populated\">\n\t\t\t\t\t\t<div class=\"elementor-element elementor-element-a1992aa elementor-widget elementor-widget-heading\" data-id=\"a1992aa\" data-element_type=\"widget\" data-widget_type=\"heading.default\">\n\t\t\t\t<div class=\"elementor-widget-container\">\n\t\t\t\t\t<h4 class=\"elementor-heading-title elementor-size-default\">Kuljetus\n<\/h4>\t\t\t\t<\/div>\n\t\t\t\t<\/div>\n\t\t\t\t<div class=\"elementor-element elementor-element-1c068bc elementor-widget elementor-widget-text-editor\" data-id=\"1c068bc\" data-element_type=\"widget\" data-widget_type=\"text-editor.default\">\n\t\t\t\t<div class=\"elementor-widget-container\">\n\t\t\t\t\t\t\t\t\t<p>Aurinkopaneelien K\u00e4yt\u00f6n Hy\u00f6dyt<br \/>\r\nAurinkopaneelien k\u00e4ytt\u00f6 on yleistynyt viime vuosina, ja yh\u00e4 useammat kotitaloudet ja yritykset ovat siirtym\u00e4ss\u00e4 aurinkoenergian hy\u00f6dynt\u00e4miseen. T\u00e4m\u00e4 ei ole yll\u00e4tt\u00e4v\u00e4\u00e4, sill\u00e4 aurinkopaneelien k\u00e4yt\u00f6ll\u00e4 on monia merkitt\u00e4vi\u00e4 etuja. T\u00e4ss\u00e4 artikkelissa k\u00e4ymme l\u00e4pi t\u00e4rkeimm\u00e4t hy\u00f6dyt, jotka aurinkopaneelit tarjoavat.<\/p>\r\n<p>1. S\u00e4\u00e4st\u00f6t S\u00e4hk\u00f6laskuissa<br \/>\r\nYksi suurimmista syist\u00e4, miksi ihmiset valitsevat aurinkopaneelit, on mahdollisuus merkitt\u00e4viin s\u00e4\u00e4st\u00f6ihin s\u00e4hk\u00f6laskuissa. Kun tuotat itse s\u00e4hk\u00f6\u00e4 auringon avulla, v\u00e4henn\u00e4t riippuvuuttasi s\u00e4hk\u00f6yhti\u00f6ist\u00e4 ja alennat kuukausittaisia s\u00e4hk\u00f6kustannuksiasi. Pitk\u00e4ll\u00e4 aikav\u00e4lill\u00e4 aurinkopaneelit maksavat itsens\u00e4 takaisin ja tuottavat sen j\u00e4lkeen puhdasta energiaa ilmaiseksi.<\/p>\r\n<p>2. Ymp\u00e4rist\u00f6yst\u00e4v\u00e4llisyys<br \/>\r\nAurinkoenergia on uusiutuvaa energiaa, mik\u00e4 tarkoittaa, ett\u00e4 se ei lopu kesken eik\u00e4 tuota haitallisia p\u00e4\u00e4st\u00f6j\u00e4. K\u00e4ytt\u00e4m\u00e4ll\u00e4 aurinkopaneeleja v\u00e4henn\u00e4t hiilijalanj\u00e4lke\u00e4si ja autat taistelemaan ilmastonmuutosta vastaan. T\u00e4m\u00e4 tekee aurinkoenergiasta yhden ymp\u00e4rist\u00f6yst\u00e4v\u00e4llisimmist\u00e4 energiamuodoista.<\/p>\r\n<p>3. Lis\u00e4\u00e4ntynyt Energian Riippumattomuus<br \/>\r\nAurinkopaneelien avulla voit tuottaa omaa s\u00e4hk\u00f6\u00e4 ja tulla v\u00e4hemm\u00e4n riippuvaiseksi s\u00e4hk\u00f6verkosta ja sen hintojen vaihteluista. T\u00e4m\u00e4 on erityisen hy\u00f6dyllist\u00e4 alueilla, joilla s\u00e4hk\u00f6katkot ovat yleisi\u00e4 tai joissa s\u00e4hk\u00f6n hinta on korkea. Lis\u00e4ksi, jos asennat akkuj\u00e4rjestelm\u00e4n, voit varastoida ylim\u00e4\u00e4r\u00e4ist\u00e4 energiaa ja k\u00e4ytt\u00e4\u00e4 sit\u00e4 silloin, kun aurinko ei paista.<\/p>\r\n<p>4. Kiinteist\u00f6n Arvon Nousu<br \/>\r\nAurinkopaneelit voivat my\u00f6s nostaa kiinteist\u00f6si arvoa. Monet ostajat ovat valmiita maksamaan enemm\u00e4n talosta, jossa on jo asennettuna aurinkopaneelit, koska he n\u00e4kev\u00e4t sen pitk\u00e4aikaisena s\u00e4\u00e4st\u00f6n\u00e4 ja ymp\u00e4rist\u00f6yst\u00e4v\u00e4llisen\u00e4 valintana. T\u00e4m\u00e4 tekee aurinkopaneeleista houkuttelevan investoinnin my\u00f6s kiinteist\u00f6n omistajille.<\/p>\r\n<p>5. Alhaiset K\u00e4ytt\u00f6kustannukset ja Huolto<br \/>\r\nAurinkopaneelit ovat tunnettuja siit\u00e4, ett\u00e4 ne vaativat hyvin v\u00e4h\u00e4n huoltoa. Useimmat j\u00e4rjestelm\u00e4t toimivat luotettavasti useiden vuosien ajan ilman merkitt\u00e4vi\u00e4 huoltokustannuksia. Paneelit on suunniteltu kest\u00e4m\u00e4\u00e4n kovia s\u00e4\u00e4olosuhteita, ja niiden k\u00e4ytt\u00f6ik\u00e4 on usein yli 25 vuotta. S\u00e4\u00e4nn\u00f6llinen puhdistus ja tarkastukset riitt\u00e4v\u00e4t pit\u00e4m\u00e4\u00e4n ne toimintakunnossa.<\/p>\r\n<p>6. Uusiutuva ja Kest\u00e4v\u00e4 Energianl\u00e4hde<br \/>\r\nAurinko on ehtym\u00e4t\u00f6n energianl\u00e4hde, ja sen k\u00e4ytt\u00f6 on kest\u00e4v\u00e4\u00e4 pitk\u00e4ll\u00e4 aikav\u00e4lill\u00e4. Toisin kuin fossiiliset polttoaineet, aurinkoenergia ei v\u00e4hene eik\u00e4 aiheuta ymp\u00e4rist\u00f6haittoja tuotannossaan. T\u00e4m\u00e4 tekee siit\u00e4 luotettavan ja kest\u00e4v\u00e4n energianl\u00e4hteen tulevaisuutta ajatellen.<\/p>\r\n<p>Yhteenveto<br \/>\r\nAurinkopaneelien k\u00e4ytt\u00f6 tarjoaa monia etuja, jotka tekev\u00e4t siit\u00e4 houkuttelevan vaihtoehdon niin kotitalouksille kuin yrityksillekin. Ne tarjoavat merkitt\u00e4vi\u00e4 s\u00e4\u00e4st\u00f6j\u00e4 s\u00e4hk\u00f6laskuissa, v\u00e4hent\u00e4v\u00e4t ymp\u00e4rist\u00f6vaikutuksia, lis\u00e4\u00e4v\u00e4t energian riippumattomuutta, nostavat kiinteist\u00f6n arvoa ja vaativat v\u00e4h\u00e4n huoltoa. Investoimalla aurinkopaneeleihin teet kest\u00e4v\u00e4n valinnan sek\u00e4 itsellesi ett\u00e4 ymp\u00e4rist\u00f6lle.<\/p>\t\t\t\t\t\t\t\t<\/div>\n\t\t\t\t<\/div>\n\t\t\t\t\t<\/div>\n\t\t<\/div>\n\t\t\t\t<div class=\"elementor-column elementor-col-33 elementor-top-column elementor-element elementor-element-33d58fb\" data-id=\"33d58fb\" data-element_type=\"column\">\n\t\t\t<div class=\"elementor-widget-wrap elementor-element-populated\">\n\t\t\t\t\t\t<div class=\"elementor-element elementor-element-2e16571 elementor-widget elementor-widget-image\" data-id=\"2e16571\" data-element_type=\"widget\" data-widget_type=\"image.default\">\n\t\t\t\t<div class=\"elementor-widget-container\">\n\t\t\t\t\t\t\t\t\t\t\t\t\t\t\t<img fetchpriority=\"high\" decoding=\"async\" width=\"800\" height=\"498\" src=\"https:\/\/ek-pnlfi.com\/wp-content\/uploads\/2024\/08\/ca-times.brightspotcdn-1024x637.jpg\" class=\"attachment-large size-large wp-image-840\" alt=\"\" srcset=\"https:\/\/ek-pnlfi.com\/wp-content\/uploads\/2024\/08\/ca-times.brightspotcdn-1024x637.jpg 1024w, https:\/\/ek-pnlfi.com\/wp-content\/uploads\/2024\/08\/ca-times.brightspotcdn-300x187.jpg 300w, https:\/\/ek-pnlfi.com\/wp-content\/uploads\/2024\/08\/ca-times.brightspotcdn-768x477.jpg 768w, https:\/\/ek-pnlfi.com\/wp-content\/uploads\/2024\/08\/ca-times.brightspotcdn.jpg 1200w\" sizes=\"(max-width: 800px) 100vw, 800px\" \/>\t\t\t\t\t\t\t\t\t\t\t\t\t\t\t<\/div>\n\t\t\t\t<\/div>\n\t\t\t\t<div class=\"elementor-element elementor-element-5d0691a elementor-widget elementor-widget-image\" data-id=\"5d0691a\" data-element_type=\"widget\" data-widget_type=\"image.default\">\n\t\t\t\t<div class=\"elementor-widget-container\">\n\t\t\t\t\t\t\t\t\t\t\t\t\t\t\t<img decoding=\"async\" width=\"800\" height=\"450\" src=\"https:\/\/ek-pnlfi.com\/wp-content\/uploads\/2024\/08\/\u062e\u0648\u062f\u0631\u0648-\u0628\u0631.jpg\" class=\"attachment-large size-large wp-image-844\" alt=\"\" srcset=\"https:\/\/ek-pnlfi.com\/wp-content\/uploads\/2024\/08\/\u062e\u0648\u062f\u0631\u0648-\u0628\u0631.jpg 800w, https:\/\/ek-pnlfi.com\/wp-content\/uploads\/2024\/08\/\u062e\u0648\u062f\u0631\u0648-\u0628\u0631-300x169.jpg 300w, https:\/\/ek-pnlfi.com\/wp-content\/uploads\/2024\/08\/\u062e\u0648\u062f\u0631\u0648-\u0628\u0631-768x432.jpg 768w\" sizes=\"(max-width: 800px) 100vw, 800px\" \/>\t\t\t\t\t\t\t\t\t\t\t\t\t\t\t<\/div>\n\t\t\t\t<\/div>\n\t\t\t\t<div class=\"elementor-element elementor-element-df523f9 elementor-widget elementor-widget-image\" data-id=\"df523f9\" data-element_type=\"widget\" data-widget_type=\"image.default\">\n\t\t\t\t<div class=\"elementor-widget-container\">\n\t\t\t\t\t\t\t\t\t\t\t\t\t\t\t<img decoding=\"async\" width=\"715\" height=\"476\" src=\"https:\/\/ek-pnlfi.com\/wp-content\/uploads\/2024\/08\/1075207_545.jpg\" class=\"attachment-large size-large wp-image-838\" alt=\"\" srcset=\"https:\/\/ek-pnlfi.com\/wp-content\/uploads\/2024\/08\/1075207_545.jpg 715w, https:\/\/ek-pnlfi.com\/wp-content\/uploads\/2024\/08\/1075207_545-300x200.jpg 300w\" sizes=\"(max-width: 715px) 100vw, 715px\" \/>\t\t\t\t\t\t\t\t\t\t\t\t\t\t\t<\/div>\n\t\t\t\t<\/div>\n\t\t\t\t<div class=\"elementor-element elementor-element-696b337 elementor-widget elementor-widget-image\" data-id=\"696b337\" data-element_type=\"widget\" data-widget_type=\"image.default\">\n\t\t\t\t<div class=\"elementor-widget-container\">\n\t\t\t\t\t\t\t\t\t\t\t\t\t\t\t<img loading=\"lazy\" decoding=\"async\" width=\"640\" height=\"426\" src=\"https:\/\/ek-pnlfi.com\/wp-content\/uploads\/2024\/08\/imgfa_ir__5fb4e491f0ac4_1.jpg\" class=\"attachment-large size-large wp-image-842\" alt=\"\" srcset=\"https:\/\/ek-pnlfi.com\/wp-content\/uploads\/2024\/08\/imgfa_ir__5fb4e491f0ac4_1.jpg 640w, https:\/\/ek-pnlfi.com\/wp-content\/uploads\/2024\/08\/imgfa_ir__5fb4e491f0ac4_1-300x200.jpg 300w\" sizes=\"(max-width: 640px) 100vw, 640px\" \/>\t\t\t\t\t\t\t\t\t\t\t\t\t\t\t<\/div>\n\t\t\t\t<\/div>\n\t\t\t\t\t<\/div>\n\t\t<\/div>\n\t\t\t\t\t<\/div>\n\t\t<\/section>\n\t\t\t\t<\/div>\n\t\t","protected":false},"excerpt":{"rendered":"<p>Register comment Transport Transport<\/p>\n","protected":false},"author":4,"featured_media":0,"parent":0,"menu_order":0,"comment_status":"closed","ping_status":"closed","template":"","meta":{"footnotes":""},"class_list":["post-834","page","type-page","status-publish","hentry"],"_links":{"self":[{"href":"https:\/\/ek-pnlfi.com\/en\/wp-json\/wp\/v2\/pages\/834","targetHints":{"allow":["GET"]}}],"collection":[{"href":"https:\/\/ek-pnlfi.com\/en\/wp-json\/wp\/v2\/pages"}],"about":[{"href":"https:\/\/ek-pnlfi.com\/en\/wp-json\/wp\/v2\/types\/page"}],"author":[{"embeddable":true,"href":"https:\/\/ek-pnlfi.com\/en\/wp-json\/wp\/v2\/users\/4"}],"replies":[{"embeddable":true,"href":"https:\/\/ek-pnlfi.com\/en\/wp-json\/wp\/v2\/comments?post=834"}],"version-history":[{"count":11,"href":"https:\/\/ek-pnlfi.com\/en\/wp-json\/wp\/v2\/pages\/834\/revisions"}],"predecessor-version":[{"id":1191,"href":"https:\/\/ek-pnlfi.com\/en\/wp-json\/wp\/v2\/pages\/834\/revisions\/1191"}],"wp:attachment":[{"href":"https:\/\/ek-pnlfi.com\/en\/wp-json\/wp\/v2\/media?parent=834"}],"curies":[{"name":"wp","href":"https:\/\/api.w.org\/{rel}","templated":true}]}}