{"id":833,"date":"2024-08-13T14:49:18","date_gmt":"2024-08-13T11:19:18","guid":{"rendered":"https:\/\/ek-pnlfi.com\/tourist\/"},"modified":"2025-03-01T13:38:32","modified_gmt":"2025-03-01T10:08:32","slug":"tourist","status":"publish","type":"page","link":"https:\/\/ek-pnlfi.com\/en\/tourist\/","title":{"rendered":"Tourist"},"content":{"rendered":"\t\t<div data-elementor-type=\"wp-page\" data-elementor-id=\"833\" class=\"elementor elementor-833\" data-elementor-post-type=\"page\">\n\t\t\t\t\t\t<section class=\"elementor-section elementor-top-section elementor-element elementor-element-bf8953e elementor-section-boxed elementor-section-height-default elementor-section-height-default\" data-id=\"bf8953e\" data-element_type=\"section\">\n\t\t\t\t\t\t<div class=\"elementor-container elementor-column-gap-default\">\n\t\t\t\t\t<div class=\"elementor-column elementor-col-100 elementor-top-column elementor-element elementor-element-bb66cca\" data-id=\"bb66cca\" data-element_type=\"column\">\n\t\t\t<div class=\"elementor-widget-wrap elementor-element-populated\">\n\t\t\t\t\t\t<div class=\"elementor-element elementor-element-dac6b67 elementor-widget elementor-widget-heading\" data-id=\"dac6b67\" data-element_type=\"widget\" data-widget_type=\"heading.default\">\n\t\t\t\t<div class=\"elementor-widget-container\">\n\t\t\t\t\t<h2 class=\"elementor-heading-title elementor-size-default\"><a href=\"https:\/\/finlandvisita.com\/\">click here to visit our tours!<\/a><\/h2>\t\t\t\t<\/div>\n\t\t\t\t<\/div>\n\t\t\t\t\t<\/div>\n\t\t<\/div>\n\t\t\t\t\t<\/div>\n\t\t<\/section>\n\t\t\t\t<section class=\"elementor-section elementor-top-section elementor-element elementor-element-e3659c6 elementor-section-full_width elementor-section-height-default elementor-section-height-default\" data-id=\"e3659c6\" data-element_type=\"section\" data-settings=\"{&quot;background_background&quot;:&quot;slideshow&quot;,&quot;background_slideshow_gallery&quot;:[{&quot;id&quot;:1210,&quot;url&quot;:&quot;https:\\\/\\\/ek-pnlfi.com\\\/wp-content\\\/uploads\\\/2025\\\/01\\\/aurora-1185464_1920.jpg&quot;},{&quot;id&quot;:1212,&quot;url&quot;:&quot;https:\\\/\\\/ek-pnlfi.com\\\/wp-content\\\/uploads\\\/2025\\\/01\\\/finland-909336_1280.jpg&quot;},{&quot;id&quot;:1214,&quot;url&quot;:&quot;https:\\\/\\\/ek-pnlfi.com\\\/wp-content\\\/uploads\\\/2025\\\/01\\\/helsinki-cathedral-4189824_1280.jpg&quot;}],&quot;background_slideshow_loop&quot;:&quot;yes&quot;,&quot;background_slideshow_slide_duration&quot;:5000,&quot;background_slideshow_slide_transition&quot;:&quot;fade&quot;,&quot;background_slideshow_transition_duration&quot;:500}\">\n\t\t\t\t\t\t<div class=\"elementor-container elementor-column-gap-default\">\n\t\t\t\t\t<div class=\"elementor-column elementor-col-33 elementor-top-column elementor-element elementor-element-4b51de7\" data-id=\"4b51de7\" data-element_type=\"column\">\n\t\t\t<div class=\"elementor-widget-wrap elementor-element-populated\">\n\t\t\t\t\t\t<div class=\"elementor-element elementor-element-2b849b3 elementor-widget elementor-widget-heading\" data-id=\"2b849b3\" data-element_type=\"widget\" data-widget_type=\"heading.default\">\n\t\t\t\t<div class=\"elementor-widget-container\">\n\t\t\t\t\t<h4 class=\"elementor-heading-title elementor-size-default\">Rekister\u00f6idy kommentti<\/h4>\t\t\t\t<\/div>\n\t\t\t\t<\/div>\n\t\t\t\t<div class=\"elementor-element elementor-element-2841508 elementor-button-align-stretch elementor-widget elementor-widget-form\" data-id=\"2841508\" data-element_type=\"widget\" data-settings=\"{&quot;step_next_label&quot;:&quot;Next&quot;,&quot;step_previous_label&quot;:&quot;Previous&quot;,&quot;button_width&quot;:&quot;100&quot;,&quot;step_type&quot;:&quot;number_text&quot;,&quot;step_icon_shape&quot;:&quot;circle&quot;}\" data-widget_type=\"form.default\">\n\t\t\t\t<div class=\"elementor-widget-container\">\n\t\t\t\t\t\t\t<form class=\"elementor-form\" method=\"post\" name=\"New Form\">\n\t\t\t<input type=\"hidden\" name=\"post_id\" value=\"833\"\/>\n\t\t\t<input type=\"hidden\" name=\"form_id\" value=\"2841508\"\/>\n\t\t\t<input type=\"hidden\" name=\"referer_title\" value=\"\" \/>\n\n\t\t\t\n\t\t\t<div class=\"elementor-form-fields-wrapper elementor-labels-above\">\n\t\t\t\t\t\t\t\t<div class=\"elementor-field-type-text elementor-field-group elementor-column elementor-field-group-name elementor-col-100\">\n\t\t\t\t\t\t\t\t\t\t\t\t<label for=\"form-field-name\" class=\"elementor-field-label\">\n\t\t\t\t\t\t\t\tName\t\t\t\t\t\t\t<\/label>\n\t\t\t\t\t\t\t\t\t\t\t\t\t\t<input size=\"1\" type=\"text\" name=\"form_fields[name]\" id=\"form-field-name\" class=\"elementor-field elementor-size-sm  elementor-field-textual\" placeholder=\"Name\">\n\t\t\t\t\t\t\t\t\t\t\t<\/div>\n\t\t\t\t\t\t\t\t<div class=\"elementor-field-type-email elementor-field-group elementor-column elementor-field-group-email elementor-col-100 elementor-field-required\">\n\t\t\t\t\t\t\t\t\t\t\t\t<label for=\"form-field-email\" class=\"elementor-field-label\">\n\t\t\t\t\t\t\t\tEmail\t\t\t\t\t\t\t<\/label>\n\t\t\t\t\t\t\t\t\t\t\t\t\t\t<input size=\"1\" type=\"email\" name=\"form_fields[email]\" id=\"form-field-email\" class=\"elementor-field elementor-size-sm  elementor-field-textual\" placeholder=\"Email\" required=\"required\">\n\t\t\t\t\t\t\t\t\t\t\t<\/div>\n\t\t\t\t\t\t\t\t<div class=\"elementor-field-type-textarea elementor-field-group elementor-column elementor-field-group-message elementor-col-100\">\n\t\t\t\t\t\t\t\t\t\t\t\t<label for=\"form-field-message\" class=\"elementor-field-label\">\n\t\t\t\t\t\t\t\tMessage\t\t\t\t\t\t\t<\/label>\n\t\t\t\t\t\t<textarea class=\"elementor-field-textual elementor-field  elementor-size-sm\" name=\"form_fields[message]\" id=\"form-field-message\" rows=\"4\" placeholder=\"Message\"><\/textarea>\t\t\t\t<\/div>\n\t\t\t\t\t\t\t\t<div class=\"elementor-field-group elementor-column elementor-field-type-submit elementor-col-100 e-form__buttons\">\n\t\t\t\t\t<button class=\"elementor-button elementor-size-sm\" type=\"submit\">\n\t\t\t\t\t\t<span class=\"elementor-button-content-wrapper\">\n\t\t\t\t\t\t\t\t\t\t\t\t\t\t\t\t\t\t\t\t\t\t<span class=\"elementor-button-text\">Send<\/span>\n\t\t\t\t\t\t\t\t\t\t\t\t\t<\/span>\n\t\t\t\t\t<\/button>\n\t\t\t\t<\/div>\n\t\t\t<\/div>\n\t\t<\/form>\n\t\t\t\t\t\t<\/div>\n\t\t\t\t<\/div>\n\t\t\t\t\t<\/div>\n\t\t<\/div>\n\t\t\t\t<div class=\"elementor-column elementor-col-33 elementor-top-column elementor-element elementor-element-116accf\" data-id=\"116accf\" data-element_type=\"column\">\n\t\t\t<div class=\"elementor-widget-wrap elementor-element-populated\">\n\t\t\t\t\t\t<div class=\"elementor-element elementor-element-a8f8ecf elementor-widget elementor-widget-heading\" data-id=\"a8f8ecf\" data-element_type=\"widget\" data-widget_type=\"heading.default\">\n\t\t\t\t<div class=\"elementor-widget-container\">\n\t\t\t\t\t<h4 class=\"elementor-heading-title elementor-size-default\">Turisti<\/h4>\t\t\t\t<\/div>\n\t\t\t\t<\/div>\n\t\t\t\t<div class=\"elementor-element elementor-element-11ed1fa elementor-widget__width-initial elementor-widget elementor-widget-text-editor\" data-id=\"11ed1fa\" data-element_type=\"widget\" data-widget_type=\"text-editor.default\">\n\t\t\t\t<div class=\"elementor-widget-container\">\n\t\t\t\t\t\t\t\t\t<p style=\"text-align: right;\">\u00a0<\/p>\n<p style=\"text-align: left;\"><span style=\"color: #ccffff;\">Tour por el norte de Europa a un precio razonable.<\/span><\/p>\n<p style=\"text-align: left;\"><span style=\"color: #ccffff;\">Iranin Matkailun Hy\u00f6dyt<\/span><br \/><span style=\"color: #ccffff;\">Iran on yksi L\u00e4hi-id\u00e4n kiehtovimmista matkakohteista, joka tarjoaa matkailijoille rikkaan historian, upeita maisemia ja ainutlaatuisen kulttuurikokemuksen. Vaikka Iran ei ehk\u00e4 ole perinteinen lomakohde suomalaisille, sen tarjoamat edut tekev\u00e4t siit\u00e4 ehdottomasti tutustumisen arvoisen. T\u00e4ss\u00e4 artikkelissa esittelemme t\u00e4rkeimm\u00e4t hy\u00f6dyt, jotka vierailu Iraniin tarjoaa.<\/span><\/p>\n<p style=\"text-align: left;\"><span style=\"color: #ccffff;\">1. Rikas Historia ja Kulttuuri<\/span><br \/><span style=\"color: #ccffff;\">Iranin historia ulottuu tuhansien vuosien taakse, ja sen muinaiset sivilisaatiot ovat j\u00e4tt\u00e4neet j\u00e4lkeens\u00e4 lukemattomia aarteita. Persepolis, yksi maailman merkitt\u00e4vimmist\u00e4 arkeologisista kohteista, tarjoaa ainutlaatuisen ikkunan Persian imperiumin loistoon. Lis\u00e4ksi kaupungeissa kuten Isfahan, Shiraz ja Yazd on upeita moskeijoita, palatseja ja puutarhoja, jotka kertovat maan monimuotoisesta historiasta ja kulttuurista.<\/span><\/p>\n<p style=\"text-align: left;\"><span style=\"color: #ccffff;\">2. Upeita Luonnonmaisemia<\/span><br \/><span style=\"color: #ccffff;\">Iranin monimuotoinen luonto tarjoaa matkailijoille uskomattomia el\u00e4myksi\u00e4. Pohjoisessa Kaspianmeren rannikkoa reunustavat vihre\u00e4t mets\u00e4t ja vuoristot, kun taas etel\u00e4ss\u00e4 Persianlahden rannat houkuttelevat auringonpalvojia. Iranin keskiosassa sijaitsevat aavikot, kuten Dasht-e Kavir ja Dasht-e Lut, tarjoavat henke\u00e4salpaavia maisemia ja mahdollisuuden kokea aavikon hiljaisuus ja rauha.<\/span><\/p>\n<p style=\"text-align: left;\"><span style=\"color: #ccffff;\">3. Vieraanvaraisuus<\/span><br \/><span style=\"color: #ccffff;\">Iranilaiset ovat tunnettuja vieraanvaraisuudestaan ja yst\u00e4v\u00e4llisyydest\u00e4\u00e4n. Matkailijat kokevat usein l\u00e4mpim\u00e4n vastaanoton ja saavat kokea paikallisten vieraanvaraisuutta, olipa kyseess\u00e4 sitten kutsu perheen kotiin teelle tai apua matkan varrella. T\u00e4m\u00e4 vieraanvaraisuus tekee matkasta Iranissa erityisen mieleenpainuvan ja mukavan.<\/span><\/p>\n<p style=\"text-align: left;\"><span style=\"color: #ccffff;\">4. Herkullinen Ruoka<\/span><br \/><span style=\"color: #ccffff;\">Iranin keitti\u00f6 on t\u00e4ynn\u00e4 makuja ja aromeja, jotka hurmaavat matkailijan. Perinteiset ruoat, kuten kebabit, fesenjan (p\u00e4hkin\u00e4- ja granaattiomenakastikkeessa haudutettu kana) ja tahdig (rapeaksi paistettu riisi), ovat vain muutamia esimerkkej\u00e4 siit\u00e4, mit\u00e4 iranilainen ruoka voi tarjota. Lis\u00e4ksi paikalliset torit ja basaarit tarjoavat mahdollisuuden maistella tuoreita hedelmi\u00e4, p\u00e4hkin\u00f6it\u00e4 ja muita herkkuja.<\/span><\/p>\n<p style=\"text-align: left;\"><span style=\"color: #ccffff;\">5. K\u00e4sity\u00f6t ja Ostosmahdollisuudet<\/span><br \/><span style=\"color: #ccffff;\">Iran on kuuluisa upeista k\u00e4sit\u00f6ist\u00e4\u00e4n, kuten matoistaan, keramiikastaan ja hopeat\u00f6ist\u00e4\u00e4n. Bazaareista, kuten Teheranin Grand Bazaarista tai Isfahanin perinteisest\u00e4 torista, l\u00f6ytyy lukemattomia aarteita, jotka ovat t\u00e4ydellisi\u00e4 matkamuistoja tai lahjoja. Matkailijat voivat my\u00f6s tutustua paikallisiin ty\u00f6pajoihin ja n\u00e4hd\u00e4, kuinka n\u00e4it\u00e4 perinteisi\u00e4 k\u00e4sit\u00f6it\u00e4 valmistetaan.<\/span><\/p>\n<p style=\"text-align: left;\"><span style=\"color: #ccffff;\">6. Edullinen Matkakohde<\/span><br \/><span style=\"color: #ccffff;\">Iran on eritt\u00e4in edullinen matkakohde moniin muihin maihin verrattuna. Majoitus, ruoka ja kuljetus ovat kaikki kohtuuhintaisia, mik\u00e4 tekee siit\u00e4 houkuttelevan kohteen budjettimatkailijoille. T\u00e4m\u00e4 mahdollistaa my\u00f6s pidemm\u00e4n oleskelun ja enemm\u00e4n n\u00e4ht\u00e4vyyksi\u00e4, ilman ett\u00e4 budjetti ylittyy.<\/span><\/p>\n<p style=\"text-align: left;\"><span style=\"color: #ccffff;\">Yhteenveto<\/span><br \/><span style=\"color: #ccffff;\">Iran tarjoaa matkailijoille ainutlaatuisen yhdistelm\u00e4n historiaa, kulttuuria, luontoa ja vieraanvaraisuutta. Sen rikas perint\u00f6, upea ruoka ja edulliset hinnat tekev\u00e4t siit\u00e4 houkuttelevan kohteen kaikille, jotka etsiv\u00e4t autenttista ja unohtumatonta matkakokemusta. Jos etsit uutta ja erilaista matkakohdetta, Iran on ehdottomasti tutustumisen arvoinen.<\/span><\/p>\t\t\t\t\t\t\t\t<\/div>\n\t\t\t\t<\/div>\n\t\t\t\t\t<\/div>\n\t\t<\/div>\n\t\t\t\t<div class=\"elementor-column elementor-col-33 elementor-top-column elementor-element elementor-element-0cf24ed\" data-id=\"0cf24ed\" data-element_type=\"column\">\n\t\t\t<div class=\"elementor-widget-wrap elementor-element-populated\">\n\t\t\t\t\t\t<div class=\"elementor-element elementor-element-4f40d6c elementor-widget elementor-widget-image\" data-id=\"4f40d6c\" data-element_type=\"widget\" data-widget_type=\"image.default\">\n\t\t\t\t<div class=\"elementor-widget-container\">\n\t\t\t\t\t\t\t\t\t\t\t\t\t\t\t<img fetchpriority=\"high\" decoding=\"async\" width=\"800\" height=\"593\" src=\"https:\/\/ek-pnlfi.com\/wp-content\/uploads\/2024\/11\/WhatsApp-Image-2024-11-15-at-21.06.26_c7a4010c-1024x759.jpg\" class=\"attachment-large size-large wp-image-1072\" alt=\"\" srcset=\"https:\/\/ek-pnlfi.com\/wp-content\/uploads\/2024\/11\/WhatsApp-Image-2024-11-15-at-21.06.26_c7a4010c-1024x759.jpg 1024w, https:\/\/ek-pnlfi.com\/wp-content\/uploads\/2024\/11\/WhatsApp-Image-2024-11-15-at-21.06.26_c7a4010c-300x223.jpg 300w, https:\/\/ek-pnlfi.com\/wp-content\/uploads\/2024\/11\/WhatsApp-Image-2024-11-15-at-21.06.26_c7a4010c-768x570.jpg 768w, https:\/\/ek-pnlfi.com\/wp-content\/uploads\/2024\/11\/WhatsApp-Image-2024-11-15-at-21.06.26_c7a4010c.jpg 1080w\" sizes=\"(max-width: 800px) 100vw, 800px\" \/>\t\t\t\t\t\t\t\t\t\t\t\t\t\t\t<\/div>\n\t\t\t\t<\/div>\n\t\t\t\t<div class=\"elementor-element elementor-element-f7ab845 elementor-widget elementor-widget-image\" data-id=\"f7ab845\" data-element_type=\"widget\" data-widget_type=\"image.default\">\n\t\t\t\t<div class=\"elementor-widget-container\">\n\t\t\t\t\t\t\t\t\t\t\t\t\t\t\t<img decoding=\"async\" width=\"800\" height=\"625\" src=\"https:\/\/ek-pnlfi.com\/wp-content\/uploads\/2024\/11\/WhatsApp-Image-2024-11-16-at-00.26.21_0ef81397.jpg\" class=\"attachment-large size-large wp-image-1086\" alt=\"\" srcset=\"https:\/\/ek-pnlfi.com\/wp-content\/uploads\/2024\/11\/WhatsApp-Image-2024-11-16-at-00.26.21_0ef81397.jpg 899w, https:\/\/ek-pnlfi.com\/wp-content\/uploads\/2024\/11\/WhatsApp-Image-2024-11-16-at-00.26.21_0ef81397-300x234.jpg 300w, https:\/\/ek-pnlfi.com\/wp-content\/uploads\/2024\/11\/WhatsApp-Image-2024-11-16-at-00.26.21_0ef81397-768x600.jpg 768w\" sizes=\"(max-width: 800px) 100vw, 800px\" \/>\t\t\t\t\t\t\t\t\t\t\t\t\t\t\t<\/div>\n\t\t\t\t<\/div>\n\t\t\t\t<div class=\"elementor-element elementor-element-06f316a elementor-widget elementor-widget-image\" data-id=\"06f316a\" data-element_type=\"widget\" data-widget_type=\"image.default\">\n\t\t\t\t<div class=\"elementor-widget-container\">\n\t\t\t\t\t\t\t\t\t\t\t\t\t\t\t<img decoding=\"async\" width=\"800\" height=\"533\" src=\"https:\/\/ek-pnlfi.com\/wp-content\/uploads\/2024\/08\/8b74fbd8-7700-4273-86af-cd50cf16cc6c.webp\" class=\"attachment-large size-large wp-image-815\" alt=\"\" srcset=\"https:\/\/ek-pnlfi.com\/wp-content\/uploads\/2024\/08\/8b74fbd8-7700-4273-86af-cd50cf16cc6c.webp 800w, https:\/\/ek-pnlfi.com\/wp-content\/uploads\/2024\/08\/8b74fbd8-7700-4273-86af-cd50cf16cc6c-300x200.webp 300w, https:\/\/ek-pnlfi.com\/wp-content\/uploads\/2024\/08\/8b74fbd8-7700-4273-86af-cd50cf16cc6c-768x512.webp 768w\" sizes=\"(max-width: 800px) 100vw, 800px\" \/>\t\t\t\t\t\t\t\t\t\t\t\t\t\t\t<\/div>\n\t\t\t\t<\/div>\n\t\t\t\t<div class=\"elementor-element elementor-element-f76ecae elementor-widget elementor-widget-image\" data-id=\"f76ecae\" data-element_type=\"widget\" data-widget_type=\"image.default\">\n\t\t\t\t<div class=\"elementor-widget-container\">\n\t\t\t\t\t\t\t\t\t\t\t\t\t\t\t<img loading=\"lazy\" decoding=\"async\" width=\"800\" height=\"450\" src=\"https:\/\/ek-pnlfi.com\/wp-content\/uploads\/2024\/08\/\u0628\u0627\u063a-\u0627\u0631\u0645-\u0634\u06cc\u0631\u0627\u0632\u060c\u062a\u06a9\u0647-\u0627\u06cc-\u0627\u0632-\u0628\u0647\u0634\u062a-\u062f\u0631-\u0634\u06cc\u0631\u0627\u0632.jpg\" class=\"attachment-large size-large wp-image-821\" alt=\"\" srcset=\"https:\/\/ek-pnlfi.com\/wp-content\/uploads\/2024\/08\/\u0628\u0627\u063a-\u0627\u0631\u0645-\u0634\u06cc\u0631\u0627\u0632\u060c\u062a\u06a9\u0647-\u0627\u06cc-\u0627\u0632-\u0628\u0647\u0634\u062a-\u062f\u0631-\u0634\u06cc\u0631\u0627\u0632.jpg 800w, https:\/\/ek-pnlfi.com\/wp-content\/uploads\/2024\/08\/\u0628\u0627\u063a-\u0627\u0631\u0645-\u0634\u06cc\u0631\u0627\u0632\u060c\u062a\u06a9\u0647-\u0627\u06cc-\u0627\u0632-\u0628\u0647\u0634\u062a-\u062f\u0631-\u0634\u06cc\u0631\u0627\u0632-300x169.jpg 300w, https:\/\/ek-pnlfi.com\/wp-content\/uploads\/2024\/08\/\u0628\u0627\u063a-\u0627\u0631\u0645-\u0634\u06cc\u0631\u0627\u0632\u060c\u062a\u06a9\u0647-\u0627\u06cc-\u0627\u0632-\u0628\u0647\u0634\u062a-\u062f\u0631-\u0634\u06cc\u0631\u0627\u0632-768x432.jpg 768w\" sizes=\"(max-width: 800px) 100vw, 800px\" \/>\t\t\t\t\t\t\t\t\t\t\t\t\t\t\t<\/div>\n\t\t\t\t<\/div>\n\t\t\t\t\t<\/div>\n\t\t<\/div>\n\t\t\t\t\t<\/div>\n\t\t<\/section>\n\t\t\t\t<section class=\"elementor-section elementor-top-section elementor-element elementor-element-6196b13 elementor-section-boxed elementor-section-height-default elementor-section-height-default\" data-id=\"6196b13\" data-element_type=\"section\">\n\t\t\t\t\t\t<div class=\"elementor-container elementor-column-gap-default\">\n\t\t\t\t\t<div class=\"elementor-column elementor-col-50 elementor-top-column elementor-element elementor-element-ce6045c\" data-id=\"ce6045c\" data-element_type=\"column\">\n\t\t\t<div class=\"elementor-widget-wrap elementor-element-populated\">\n\t\t\t\t\t\t<div class=\"elementor-element elementor-element-ebb1515 elementor-widget elementor-widget-image\" data-id=\"ebb1515\" data-element_type=\"widget\" data-widget_type=\"image.default\">\n\t\t\t\t<div class=\"elementor-widget-container\">\n\t\t\t\t\t\t\t\t\t\t\t\t\t\t\t<img loading=\"lazy\" decoding=\"async\" width=\"800\" height=\"487\" src=\"https:\/\/ek-pnlfi.com\/wp-content\/uploads\/2025\/01\/My-1024x623.jpg\" class=\"attachment-large size-large wp-image-1241\" alt=\"\" srcset=\"https:\/\/ek-pnlfi.com\/wp-content\/uploads\/2025\/01\/My-1024x623.jpg 1024w, https:\/\/ek-pnlfi.com\/wp-content\/uploads\/2025\/01\/My-300x183.jpg 300w, https:\/\/ek-pnlfi.com\/wp-content\/uploads\/2025\/01\/My-768x467.jpg 768w, https:\/\/ek-pnlfi.com\/wp-content\/uploads\/2025\/01\/My-1536x934.jpg 1536w, https:\/\/ek-pnlfi.com\/wp-content\/uploads\/2025\/01\/My.jpg 1920w\" sizes=\"(max-width: 800px) 100vw, 800px\" \/>\t\t\t\t\t\t\t\t\t\t\t\t\t\t\t<\/div>\n\t\t\t\t<\/div>\n\t\t\t\t\t<\/div>\n\t\t<\/div>\n\t\t\t\t<div class=\"elementor-column elementor-col-50 elementor-top-column elementor-element elementor-element-4a4b904\" data-id=\"4a4b904\" data-element_type=\"column\">\n\t\t\t<div class=\"elementor-widget-wrap elementor-element-populated\">\n\t\t\t\t\t\t<div class=\"elementor-element elementor-element-0e86a0b elementor-widget elementor-widget-text-editor\" data-id=\"0e86a0b\" data-element_type=\"widget\" data-widget_type=\"text-editor.default\">\n\t\t\t\t<div class=\"elementor-widget-container\">\n\t\t\t\t\t\t\t\t\t<p><span style=\"font-size: 24px; color: #000080;\"><strong>Eliya Jahed<\/strong><\/span><\/p>\n<p><span style=\"font-size: 20px;\"><span style=\"color: #000080;\">Tour product manager<\/span>\u00a0<\/span><\/p>\n<p><span style=\"font-size: 20px; color: #008000;\">Whats app : +358 &#8211; 417131261<\/span><\/p>\n<p><span style=\"font-size: 20px; color: #008000;\">Eliya@ek-pnlfi.com<\/span><\/p>\n<p><span style=\"font-size: 20px; color: #008000;\">\u00a0<\/span><\/p>\t\t\t\t\t\t\t\t<\/div>\n\t\t\t\t<\/div>\n\t\t\t\t\t<\/div>\n\t\t<\/div>\n\t\t\t\t\t<\/div>\n\t\t<\/section>\n\t\t\t\t<section class=\"elementor-section elementor-top-section elementor-element elementor-element-261138c elementor-section-boxed elementor-section-height-default elementor-section-height-default\" data-id=\"261138c\" data-element_type=\"section\">\n\t\t\t\t\t\t<div class=\"elementor-container elementor-column-gap-default\">\n\t\t\t\t\t<div class=\"elementor-column elementor-col-100 elementor-top-column elementor-element elementor-element-e06d857\" data-id=\"e06d857\" data-element_type=\"column\">\n\t\t\t<div class=\"elementor-widget-wrap elementor-element-populated\">\n\t\t\t\t\t\t<div class=\"elementor-element elementor-element-c1f96dc elementor-widget elementor-widget-heading\" data-id=\"c1f96dc\" data-element_type=\"widget\" data-widget_type=\"heading.default\">\n\t\t\t\t<div class=\"elementor-widget-container\">\n\t\t\t\t\t<h2 class=\"elementor-heading-title elementor-size-default\"><a href=\"https:\/\/finlandvisita.com\/\">click here to visit our tours!<\/a><\/h2>\t\t\t\t<\/div>\n\t\t\t\t<\/div>\n\t\t\t\t\t<\/div>\n\t\t<\/div>\n\t\t\t\t\t<\/div>\n\t\t<\/section>\n\t\t\t\t<\/div>\n\t\t","protected":false},"excerpt":{"rendered":"<p>click here to visit our tours! Rekister\u00f6idy kommentti Turisti \u00a0 Tour por el norte de Europa a un precio razonable. Iranin Matkailun Hy\u00f6dytIran on yksi L\u00e4hi-id\u00e4n kiehtovimmista matkakohteista, joka tarjoaa matkailijoille rikkaan historian, upeita maisemia ja ainutlaatuisen kulttuurikokemuksen. Vaikka Iran ei ehk\u00e4 ole perinteinen lomakohde suomalaisille, sen tarjoamat edut tekev\u00e4t siit\u00e4 ehdottomasti tutustumisen arvoisen. T\u00e4ss\u00e4 [&hellip;]<\/p>\n","protected":false},"author":4,"featured_media":0,"parent":0,"menu_order":0,"comment_status":"closed","ping_status":"closed","template":"","meta":{"footnotes":""},"class_list":["post-833","page","type-page","status-publish","hentry"],"_links":{"self":[{"href":"https:\/\/ek-pnlfi.com\/en\/wp-json\/wp\/v2\/pages\/833","targetHints":{"allow":["GET"]}}],"collection":[{"href":"https:\/\/ek-pnlfi.com\/en\/wp-json\/wp\/v2\/pages"}],"about":[{"href":"https:\/\/ek-pnlfi.com\/en\/wp-json\/wp\/v2\/types\/page"}],"author":[{"embeddable":true,"href":"https:\/\/ek-pnlfi.com\/en\/wp-json\/wp\/v2\/users\/4"}],"replies":[{"embeddable":true,"href":"https:\/\/ek-pnlfi.com\/en\/wp-json\/wp\/v2\/comments?post=833"}],"version-history":[{"count":27,"href":"https:\/\/ek-pnlfi.com\/en\/wp-json\/wp\/v2\/pages\/833\/revisions"}],"predecessor-version":[{"id":1268,"href":"https:\/\/ek-pnlfi.com\/en\/wp-json\/wp\/v2\/pages\/833\/revisions\/1268"}],"wp:attachment":[{"href":"https:\/\/ek-pnlfi.com\/en\/wp-json\/wp\/v2\/media?parent=833"}],"curies":[{"name":"wp","href":"https:\/\/api.w.org\/{rel}","templated":true}]}}